{"id":21,"date":"2022-01-25T12:15:22","date_gmt":"2022-01-25T12:15:22","guid":{"rendered":"https:\/\/boatcheck.ca\/?page_id=21"},"modified":"2024-03-29T14:00:47","modified_gmt":"2024-03-29T14:00:47","slug":"boat-check-demo","status":"publish","type":"page","link":"https:\/\/cn-cga.boatcheck.ca\/fr\/","title":{"rendered":"Bienvenue"},"content":{"rendered":"<p><strong>Bienvenue au programme de v\u00e9rifications de s\u00e9curit\u00e9 des embarcations PCCC (CCGA)\/PCSC!<\/strong><\/p>\n<p>Ce programme est offert par la CN-CGA.<\/p>\n<p>Des v\u00e9rificateurs de s\u00e9curit\u00e9 b\u00e9n\u00e9voles inspecteront l\u2019embarcation et son \u00e9quipement tout en discutant des meilleures pratiques, ce qui en fera de surcro\u00eet une exp\u00e9rience \u00e9ducative. Au cours de ce processus, des informations sont recueillies aupr\u00e8s des conducteurs d'embarcations de plaisance et sont r\u00e9sum\u00e9es dans un rapport contenant des suggestions sur la fa\u00e7on d'am\u00e9liorer leur s\u00e9curit\u00e9 tout en profitant de leur exp\u00e9rience de navigation.<\/p>\n<p>Pour plus d'informations sur les v\u00e9rifications de s\u00e9curit\u00e9 nautique dans votre r\u00e9gion ou sur la documentation utilis\u00e9e comme guide pour ces activit\u00e9s, veuillez visiter :<br \/>\n<a href=\"https:\/\/cn-cga.ca\/\" target=\"_blank\" rel=\"noopener\">https:\/\/cn-cga.ca\/<\/a><\/p>","protected":false},"excerpt":{"rendered":"<p>Welcome to the the CN-CGA Training Portal! This program is delivered by Coastal Nations Coast Guard Auxiliary. Volunteer safety checkers will inspect the vessel and equipment while discussing best practices making this an educational experience. During this process information is gathered from pleasure craft operators and is summarized in a report with suggestions of how [&hellip;]<\/p>","protected":false},"author":1,"featured_media":0,"parent":0,"menu_order":0,"comment_status":"closed","ping_status":"closed","template":"","meta":{"footnotes":""},"class_list":["post-21","page","type-page","status-publish","hentry"],"_links":{"self":[{"href":"https:\/\/cn-cga.boatcheck.ca\/fr\/wp-json\/wp\/v2\/pages\/21","targetHints":{"allow":["GET"]}}],"collection":[{"href":"https:\/\/cn-cga.boatcheck.ca\/fr\/wp-json\/wp\/v2\/pages"}],"about":[{"href":"https:\/\/cn-cga.boatcheck.ca\/fr\/wp-json\/wp\/v2\/types\/page"}],"author":[{"embeddable":true,"href":"https:\/\/cn-cga.boatcheck.ca\/fr\/wp-json\/wp\/v2\/users\/1"}],"replies":[{"embeddable":true,"href":"https:\/\/cn-cga.boatcheck.ca\/fr\/wp-json\/wp\/v2\/comments?post=21"}],"version-history":[{"count":19,"href":"https:\/\/cn-cga.boatcheck.ca\/fr\/wp-json\/wp\/v2\/pages\/21\/revisions"}],"predecessor-version":[{"id":461,"href":"https:\/\/cn-cga.boatcheck.ca\/fr\/wp-json\/wp\/v2\/pages\/21\/revisions\/461"}],"wp:attachment":[{"href":"https:\/\/cn-cga.boatcheck.ca\/fr\/wp-json\/wp\/v2\/media?parent=21"}],"curies":[{"name":"wp","href":"https:\/\/api.w.org\/{rel}","templated":true}]}}